{"id":621,"date":"2025-04-09T11:03:15","date_gmt":"2025-04-09T09:03:15","guid":{"rendered":"https:\/\/energie-pool.ch\/clients-pv-contracting\/"},"modified":"2025-04-10T10:50:17","modified_gmt":"2025-04-10T08:50:17","slug":"clients-pv-contracting","status":"publish","type":"page","link":"https:\/\/energie-pool.ch\/fr\/clients-pv-contracting\/","title":{"rendered":"Clients PV-Contracting"},"content":{"rendered":"<p>[et_pb_section fb_built=\u00a0\u00bb1&Prime; module_class=\u00a0\u00bbkapitelbildhoehe\u00a0\u00bb _builder_version=\u00a0\u00bb4.27.4&Prime; _module_preset=\u00a0\u00bbdefault\u00a0\u00bb background_image=\u00a0\u00bbhttps:\/\/energie-pool.ch\/wp-content\/uploads\/2025\/04\/sonnenpool-headerpic-energiepool.jpg\u00a0\u00bb global_colors_info=\u00a0\u00bb{}\u00a0\u00bb][et_pb_row _builder_version=\u00a0\u00bb4.27.4&Prime; _module_preset=\u00a0\u00bbdefault\u00a0\u00bb global_colors_info=\u00a0\u00bb{}\u00a0\u00bb][et_pb_column type=\u00a0\u00bb4_4&Prime; _builder_version=\u00a0\u00bb4.27.4&Prime; _module_preset=\u00a0\u00bbdefault\u00a0\u00bb global_colors_info=\u00a0\u00bb{}\u00a0\u00bb][et_pb_text module_class=\u00a0\u00bbkapitelbildtitel\u00a0\u00bb _builder_version=\u00a0\u00bb4.27.4&Prime; _module_preset=\u00a0\u00bbdefault\u00a0\u00bb global_colors_info=\u00a0\u00bb{}\u00a0\u00bb]<\/p>\n<h2>L\u2019\u00e9nergie solaire au service de l\u2019avenir<\/h2>\n<p>[\/et_pb_text][\/et_pb_column][\/et_pb_row][\/et_pb_section][et_pb_section fb_built=\u00a0\u00bb1&Prime; _builder_version=\u00a0\u00bb4.27.4&Prime; _module_preset=\u00a0\u00bbdefault\u00a0\u00bb background_color=\u00a0\u00bb#f4f4f4&Prime; global_colors_info=\u00a0\u00bb{}\u00a0\u00bb][et_pb_row _builder_version=\u00a0\u00bb4.27.4&Prime; _module_preset=\u00a0\u00bbdefault\u00a0\u00bb max_width=\u00a0\u00bb700px\u00a0\u00bb global_colors_info=\u00a0\u00bb{}\u00a0\u00bb][et_pb_column type=\u00a0\u00bb4_4&Prime; _builder_version=\u00a0\u00bb4.27.4&Prime; _module_preset=\u00a0\u00bbdefault\u00a0\u00bb global_colors_info=\u00a0\u00bb{}\u00a0\u00bb][et_pb_text module_class=\u00a0\u00bbmarginbottomtitel\u00a0\u00bb _builder_version=\u00a0\u00bb4.27.4&Prime; _module_preset=\u00a0\u00bbdefault\u00a0\u00bb hover_enabled=\u00a0\u00bb0&Prime; global_colors_info=\u00a0\u00bb{}\u00a0\u00bb sticky_enabled=\u00a0\u00bb0&Prime;]<\/p>\n<h1>Clients<\/h1>\n<p>[\/et_pb_text][et_pb_divider color=\u00a0\u00bb#333333&Prime; divider_position=\u00a0\u00bbcenter\u00a0\u00bb module_class=\u00a0\u00bbmarginbottomlinie\u00a0\u00bb _builder_version=\u00a0\u00bb4.27.4&Prime; _module_preset=\u00a0\u00bbdefault\u00a0\u00bb width=\u00a0\u00bb60px\u00a0\u00bb module_alignment=\u00a0\u00bbcenter\u00a0\u00bb global_colors_info=\u00a0\u00bb{}\u00a0\u00bb][\/et_pb_divider][et_pb_text _builder_version=\u00a0\u00bb4.27.4&Prime; _module_preset=\u00a0\u00bbdefault\u00a0\u00bb text_orientation=\u00a0\u00bbcenter\u00a0\u00bb hover_enabled=\u00a0\u00bb0&Prime; global_colors_info=\u00a0\u00bb{}\u00a0\u00bb sticky_enabled=\u00a0\u00bb0&Prime;]<\/p>\n<div class=\"et_pb_module et_pb_text et_pb_text_2 et_pb_text_align_center et_pb_bg_layout_light\">\n<div class=\"et_pb_text_inner\">\n<div class=\"et_pb_module et_pb_text et_pb_text_2 et_pb_text_align_center et_pb_bg_layout_light\">\n<div class=\"et_pb_text_inner\">\n<p>Nous servons un large \u00e9ventail de clients : industrie, artisanat, commerce de d\u00e9tail ainsi que des immeubles d&rsquo;habitation et de bureaux. Ils b\u00e9n\u00e9ficient tous d&rsquo;une \u00e9lectricit\u00e9 solaire durable et produite localement. <\/p>\n<p><strong>IMMOBILIER INDUSTRIEL<br \/><\/strong>Votre bien immobilier industriel dispose de surfaces de toitures libres. Alimentez votre industrie en \u00e9lectricit\u00e9 solaire directement depuis le toit. <\/p>\n<p><strong>IMMOBILIER R\u00c9SIDENTIEL<br \/><\/strong>Votre immeuble d&rsquo;habitation ou de bureaux dispose de surfaces de toitures libres. Vos locataires b\u00e9n\u00e9ficient d&rsquo;une \u00e9lectricit\u00e9 solaire durable. <\/p>\n<\/div>\n<\/div>\n<\/div>\n<\/div>\n<p>[\/et_pb_text][\/et_pb_column][\/et_pb_row][\/et_pb_section][et_pb_section fb_built=\u00a0\u00bb1&Prime; theme_builder_area=\u00a0\u00bbpost_content\u00a0\u00bb _builder_version=\u00a0\u00bb4.27.4&Prime; _module_preset=\u00a0\u00bbdefault\u00a0\u00bb background_color=\u00a0\u00bb#F4F4F4&Prime; hover_enabled=\u00a0\u00bb0&Prime; sticky_enabled=\u00a0\u00bb0&Prime;][et_pb_row _builder_version=\u00a0\u00bb4.27.4&Prime; _module_preset=\u00a0\u00bbdefault\u00a0\u00bb column_structure=\u00a0\u00bb1_3,1_3,1_3&Prime; theme_builder_area=\u00a0\u00bbpost_content\u00a0\u00bb hover_enabled=\u00a0\u00bb0&Prime; sticky_enabled=\u00a0\u00bb0&Prime;][et_pb_column _builder_version=\u00a0\u00bb4.27.4&Prime; _module_preset=\u00a0\u00bbdefault\u00a0\u00bb type=\u00a0\u00bb1_3&Prime; theme_builder_area=\u00a0\u00bbpost_content\u00a0\u00bb][et_pb_image src=\u00a0\u00bbhttps:\/\/energie-pool.ch\/wp-content\/uploads\/2025\/04\/eigentuemer-kunden-sonnenpool-energiemanagement-photovoltaik-solarstrom-erneuerbare-energien-energiepool.jpg\u00a0\u00bb _builder_version=\u00a0\u00bb4.27.4&Prime; _module_preset=\u00a0\u00bbdefault\u00a0\u00bb theme_builder_area=\u00a0\u00bbpost_content\u00a0\u00bb hover_enabled=\u00a0\u00bb0&Prime; sticky_enabled=\u00a0\u00bb0&Prime; title_text=\u00a0\u00bbeigentuemer-kunden-sonnenpool-energiemanagement-photovoltaik-solarstrom-erneuerbare-energien-energiepool\u00a0\u00bb][\/et_pb_image][et_pb_text _builder_version=\u00a0\u00bb4.27.4&Prime; _module_preset=\u00a0\u00bbdefault\u00a0\u00bb theme_builder_area=\u00a0\u00bbpost_content\u00a0\u00bb hover_enabled=\u00a0\u00bb0&Prime; sticky_enabled=\u00a0\u00bb0&Prime; custom_margin=\u00a0\u00bb||0px||false|false\u00a0\u00bb]<\/p>\n<h3>Propri\u00e9taires<\/h3>\n<p>[\/et_pb_text][et_pb_text _builder_version=\u00a0\u00bb4.27.4&Prime; _module_preset=\u00a0\u00bbdefault\u00a0\u00bb theme_builder_area=\u00a0\u00bbpost_content\u00a0\u00bb hover_enabled=\u00a0\u00bb0&Prime; sticky_enabled=\u00a0\u00bb0&Prime;]<\/p>\n<p>Vous \u00eates propri\u00e9taire d&rsquo;un bien immobilier. Avec un contrat PV, vous b\u00e9n\u00e9ficiez de la location d&rsquo;un toit. Votre bien immobilier est valoris\u00e9 durablement par une installation PV et vos locataires sont approvisionn\u00e9s en \u00e9lectricit\u00e9 solaire directement depuis le toit. Vous n&rsquo;avez pas besoin de capital pour l&rsquo;installation PV. Le fonctionnement sans souci pendant 30 ans est inclus dans le contracting PV : planification, financement, construction, exploitation &amp; ; facturation.    <\/p>\n<p>[\/et_pb_text][\/et_pb_column][et_pb_column _builder_version=\u00a0\u00bb4.27.4&Prime; _module_preset=\u00a0\u00bbdefault\u00a0\u00bb type=\u00a0\u00bb1_3&Prime; theme_builder_area=\u00a0\u00bbpost_content\u00a0\u00bb][et_pb_image src=\u00a0\u00bbhttps:\/\/energie-pool.ch\/wp-content\/uploads\/2025\/04\/generalunternehmer-kunden-sonnenpool-energiemanagement-photovoltaik-solarstrom-erneuerbare-energien-energiepool.jpg\u00a0\u00bb _builder_version=\u00a0\u00bb4.27.4&Prime; _module_preset=\u00a0\u00bbdefault\u00a0\u00bb theme_builder_area=\u00a0\u00bbpost_content\u00a0\u00bb hover_enabled=\u00a0\u00bb0&Prime; sticky_enabled=\u00a0\u00bb0&Prime; title_text=\u00a0\u00bbgeneralunternehmer-kunden-sonnenpool-energiemanagement-photovoltaik-solarstrom-erneuerbare-energien-energiepool\u00a0\u00bb][\/et_pb_image][et_pb_text _builder_version=\u00a0\u00bb4.27.4&Prime; _module_preset=\u00a0\u00bbdefault\u00a0\u00bb theme_builder_area=\u00a0\u00bbpost_content\u00a0\u00bb hover_enabled=\u00a0\u00bb0&Prime; sticky_enabled=\u00a0\u00bb0&Prime; custom_margin=\u00a0\u00bb||0px||false|false\u00a0\u00bb]<\/p>\n<h3>Entreprises g\u00e9n\u00e9rales<\/h3>\n<p>[\/et_pb_text][et_pb_text _builder_version=\u00a0\u00bb4.27.4&Prime; _module_preset=\u00a0\u00bbdefault\u00a0\u00bb theme_builder_area=\u00a0\u00bbpost_content\u00a0\u00bb hover_enabled=\u00a0\u00bb0&Prime; sticky_enabled=\u00a0\u00bb0&Prime;]<\/p>\n<div class=\"et_pb_module et_pb_text et_pb_text_6 et_pb_text_align_center et_pb_bg_layout_light\">\n<div class=\"et_pb_text_inner\">\n<p>Avec Energie Pool, vous gagnez un partenaire \u00e9nerg\u00e9tique exp\u00e9riment\u00e9 pour l&rsquo;installation PV de votre projet de construction. Le contracting PV vous offre, \u00e0 vous et \u00e0 votre client, une solution globale allant de la planification \u00e0 l&rsquo;exploitation et \u00e0 la facturation de l&rsquo;\u00e9lectricit\u00e9, en passant par le financement et la construction. <\/p>\n<\/div>\n<\/div>\n<p>[\/et_pb_text][\/et_pb_column][et_pb_column _builder_version=\u00a0\u00bb4.27.4&Prime; _module_preset=\u00a0\u00bbdefault\u00a0\u00bb type=\u00a0\u00bb1_3&Prime; theme_builder_area=\u00a0\u00bbpost_content\u00a0\u00bb][et_pb_image src=\u00a0\u00bbhttps:\/\/energie-pool.ch\/wp-content\/uploads\/2025\/04\/mieter-kunden-sonnenpool-energiemanagement-photovoltaik-solarstrom-erneuerbare-energien-energiepool.jpg\u00a0\u00bb _builder_version=\u00a0\u00bb4.27.4&Prime; _module_preset=\u00a0\u00bbdefault\u00a0\u00bb theme_builder_area=\u00a0\u00bbpost_content\u00a0\u00bb hover_enabled=\u00a0\u00bb0&Prime; sticky_enabled=\u00a0\u00bb0&Prime; title_text=\u00a0\u00bbmieter-kunden-sonnenpool-energiemanagement-photovoltaik-solarstrom-erneuerbare-energien-energiepool\u00a0\u00bb][\/et_pb_image][et_pb_text _builder_version=\u00a0\u00bb4.27.4&Prime; _module_preset=\u00a0\u00bbdefault\u00a0\u00bb theme_builder_area=\u00a0\u00bbpost_content\u00a0\u00bb hover_enabled=\u00a0\u00bb0&Prime; sticky_enabled=\u00a0\u00bb0&Prime; custom_margin=\u00a0\u00bb||0px||false|false\u00a0\u00bb]<\/p>\n<h3>Locataire<\/h3>\n<p>[\/et_pb_text][et_pb_text _builder_version=\u00a0\u00bb4.27.4&Prime; _module_preset=\u00a0\u00bbdefault\u00a0\u00bb theme_builder_area=\u00a0\u00bbpost_content\u00a0\u00bb hover_enabled=\u00a0\u00bb0&Prime; sticky_enabled=\u00a0\u00bb0&Prime;]<\/p>\n<div class=\"et_pb_module et_pb_text et_pb_text_8 et_pb_text_align_center et_pb_bg_layout_light\">\n<div class=\"et_pb_text_inner\">\n<p>En tant que locataire, vous b\u00e9n\u00e9ficiez de l&rsquo;\u00e9lectricit\u00e9 solaire produite localement sur votre toit \u00e0 un tarif plus int\u00e9ressant que le mix d&rsquo;\u00e9lectricit\u00e9 du r\u00e9seau. Vous recevez votre \u00e9lectricit\u00e9 solaire 5% moins cher que votre fournisseur de r\u00e9seau. Gr\u00e2ce \u00e0 votre application PV-Contracting, vous pouvez suivre votre consommation d&rsquo;\u00e9lectricit\u00e9 et voir quand vous profitez de l&rsquo;\u00e9nergie solaire. Mais ne vous inqui\u00e9tez pas, vous ne remarquerez aucune diff\u00e9rence de qualit\u00e9 entre l&rsquo;\u00e9lectricit\u00e9 solaire et l&rsquo;\u00e9lectricit\u00e9 du r\u00e9seau dans votre vie quotidienne.   <\/p>\n<\/div>\n<\/div>\n<p>[\/et_pb_text][\/et_pb_column][\/et_pb_row][et_pb_row _builder_version=\u00a0\u00bb4.27.4&Prime; _module_preset=\u00a0\u00bbdefault\u00a0\u00bb column_structure=\u00a0\u00bb1_2,1_2&Prime; theme_builder_area=\u00a0\u00bbpost_content\u00a0\u00bb hover_enabled=\u00a0\u00bb0&Prime; sticky_enabled=\u00a0\u00bb0&Prime; max_width=\u00a0\u00bb720px\u00a0\u00bb][et_pb_column _builder_version=\u00a0\u00bb4.27.4&Prime; _module_preset=\u00a0\u00bbdefault\u00a0\u00bb type=\u00a0\u00bb1_2&Prime; theme_builder_area=\u00a0\u00bbpost_content\u00a0\u00bb][et_pb_image src=\u00a0\u00bbhttps:\/\/energie-pool.ch\/wp-content\/uploads\/2025\/04\/architekten-kunden-sonnenpool-energiemanagement-photovoltaik-solarstrom-erneuerbare-energien-energiepool.jpg\u00a0\u00bb _builder_version=\u00a0\u00bb4.27.4&Prime; _module_preset=\u00a0\u00bbdefault\u00a0\u00bb theme_builder_area=\u00a0\u00bbpost_content\u00a0\u00bb hover_enabled=\u00a0\u00bb0&Prime; sticky_enabled=\u00a0\u00bb0&Prime; title_text=\u00a0\u00bbarchitekten-kunden-sonnenpool-energiemanagement-photovoltaik-solarstrom-erneuerbare-energien-energiepool\u00a0\u00bb][\/et_pb_image][et_pb_text _builder_version=\u00a0\u00bb4.27.4&Prime; _module_preset=\u00a0\u00bbdefault\u00a0\u00bb theme_builder_area=\u00a0\u00bbpost_content\u00a0\u00bb hover_enabled=\u00a0\u00bb0&Prime; sticky_enabled=\u00a0\u00bb0&Prime; custom_margin=\u00a0\u00bb||0px||false|false\u00a0\u00bb]<\/p>\n<h3>Architectes<\/h3>\n<p>[\/et_pb_text][et_pb_text _builder_version=\u00a0\u00bb4.27.4&Prime; _module_preset=\u00a0\u00bbdefault\u00a0\u00bb theme_builder_area=\u00a0\u00bbpost_content\u00a0\u00bb hover_enabled=\u00a0\u00bb0&Prime; sticky_enabled=\u00a0\u00bb0&Prime;]<\/p>\n<p>Vous d\u00e9veloppez des concepts d&rsquo;habitat durable. Pr\u00e9voyez notre contrat PV tr\u00e8s t\u00f4t dans votre projet. Energie Pool vous propose, \u00e0 vous et \u00e0 votre client, une solution globale allant de la planification \u00e0 l&rsquo;exploitation et \u00e0 la facturation de l&rsquo;\u00e9lectricit\u00e9, en passant par le financement et la construction.  <\/p>\n<p>[\/et_pb_text][\/et_pb_column][et_pb_column _builder_version=\u00a0\u00bb4.27.4&Prime; _module_preset=\u00a0\u00bbdefault\u00a0\u00bb type=\u00a0\u00bb1_2&Prime; theme_builder_area=\u00a0\u00bbpost_content\u00a0\u00bb][et_pb_image src=\u00a0\u00bbhttps:\/\/energie-pool.ch\/wp-content\/uploads\/2025\/04\/elektroplaner-kunden-sonnenpool-energiemanagement-photovoltaik-solarstrom-erneuerbare-energien-energiepool.jpg\u00a0\u00bb _builder_version=\u00a0\u00bb4.27.4&Prime; _module_preset=\u00a0\u00bbdefault\u00a0\u00bb theme_builder_area=\u00a0\u00bbpost_content\u00a0\u00bb hover_enabled=\u00a0\u00bb0&Prime; sticky_enabled=\u00a0\u00bb0&Prime; title_text=\u00a0\u00bbelektroplaner-kunden-sonnenpool-energiemanagement-photovoltaik-solarstrom-erneuerbare-energien-energiepool\u00a0\u00bb][\/et_pb_image][et_pb_text _builder_version=\u00a0\u00bb4.27.4&Prime; _module_preset=\u00a0\u00bbdefault\u00a0\u00bb theme_builder_area=\u00a0\u00bbpost_content\u00a0\u00bb hover_enabled=\u00a0\u00bb0&Prime; sticky_enabled=\u00a0\u00bb0&Prime; custom_margin=\u00a0\u00bb||0px||false|false\u00a0\u00bb]<\/p>\n<h3>Planificateur \u00e9lectrique<\/h3>\n<p>[\/et_pb_text][et_pb_text _builder_version=\u00a0\u00bb4.27.4&Prime; _module_preset=\u00a0\u00bbdefault\u00a0\u00bb theme_builder_area=\u00a0\u00bbpost_content\u00a0\u00bb hover_enabled=\u00a0\u00bb0&Prime; sticky_enabled=\u00a0\u00bb0&Prime;]<\/p>\n<div class=\"et_pb_module et_pb_text et_pb_text_6 et_pb_text_align_center et_pb_bg_layout_light\">\n<div class=\"et_pb_text_inner\">\n<div class=\"et_pb_module et_pb_text et_pb_text_12 et_pb_text_align_center et_pb_bg_layout_light\">\n<div class=\"et_pb_text_inner\">\n<p>Vous \u00eates \u00e0 la recherche d&rsquo;un partenaire solaire pour votre projet. Profitez de notre exp\u00e9rience pour la planification et la construction d&rsquo;une installation photovolta\u00efque pour votre projet. Energie Pool vous propose, \u00e0 vous et \u00e0 votre client, une solution globale allant de la planification \u00e0 l&rsquo;exploitation et \u00e0 la facturation de l&rsquo;\u00e9lectricit\u00e9, en passant par le financement et la construction.  <\/p>\n<\/div>\n<\/div>\n<\/div>\n<\/div>\n<p>[\/et_pb_text][\/et_pb_column][\/et_pb_row][\/et_pb_section][et_pb_section fb_built=\u00a0\u00bb1&Prime; _builder_version=\u00a0\u00bb4.27.4&Prime; _module_preset=\u00a0\u00bbdefault\u00a0\u00bb hover_enabled=\u00a0\u00bb0&Prime; global_colors_info=\u00a0\u00bb{}\u00a0\u00bb background_enable_color=\u00a0\u00bboff\u00a0\u00bb sticky_enabled=\u00a0\u00bb0&Prime;][et_pb_row _builder_version=\u00a0\u00bb4.27.4&Prime; _module_preset=\u00a0\u00bbdefault\u00a0\u00bb max_width=\u00a0\u00bb700px\u00a0\u00bb global_colors_info=\u00a0\u00bb{}\u00a0\u00bb][et_pb_column type=\u00a0\u00bb4_4&Prime; _builder_version=\u00a0\u00bb4.27.4&Prime; _module_preset=\u00a0\u00bbdefault\u00a0\u00bb global_colors_info=\u00a0\u00bb{}\u00a0\u00bb][et_pb_text module_class=\u00a0\u00bbmarginbottomtitel\u00a0\u00bb _builder_version=\u00a0\u00bb4.27.4&Prime; _module_preset=\u00a0\u00bbdefault\u00a0\u00bb global_colors_info=\u00a0\u00bb{}\u00a0\u00bb]<\/p>\n<h2>Contact<\/h2>\n<p>[\/et_pb_text][et_pb_divider color=\u00a0\u00bb#333333&Prime; divider_position=\u00a0\u00bbcenter\u00a0\u00bb module_class=\u00a0\u00bbmarginbottomlinie\u00a0\u00bb _builder_version=\u00a0\u00bb4.27.4&Prime; _module_preset=\u00a0\u00bbdefault\u00a0\u00bb width=\u00a0\u00bb60px\u00a0\u00bb module_alignment=\u00a0\u00bbcenter\u00a0\u00bb global_colors_info=\u00a0\u00bb{}\u00a0\u00bb][\/et_pb_divider][et_pb_text _builder_version=\u00a0\u00bb4.27.4&Prime; _module_preset=\u00a0\u00bbdefault\u00a0\u00bb text_orientation=\u00a0\u00bbcenter\u00a0\u00bb global_colors_info=\u00a0\u00bb{}\u00a0\u00bb]<\/p>\n<p>Pool Energie Suisse SA<br \/>Thurgauerstrasse 54<br \/>8050 Zurich<\/p>\n<p>T +41 43 430 05 05<br \/><a href=\"mailto:info@energie-pool.ch\">info@energie-pool.ch<\/a><\/p>\n<p><strong>Heures d&rsquo;ouverture<br \/><\/strong>Lundi \u00e0 vendredi : 8 &#8211; 12 \/ 13 &#8211; 17 heures<\/p>\n<p>[\/et_pb_text][\/et_pb_column][\/et_pb_row][\/et_pb_section]<\/p>\n","protected":false},"excerpt":{"rendered":"<p>L\u2019\u00e9nergie solaire au service de l\u2019avenirClients Nous servons un large \u00e9ventail de clients : industrie, artisanat, commerce de d\u00e9tail ainsi que des immeubles d&rsquo;habitation et de bureaux. Ils b\u00e9n\u00e9ficient tous d&rsquo;une \u00e9lectricit\u00e9 solaire durable et produite localement. IMMOBILIER INDUSTRIELVotre bien immobilier industriel dispose de surfaces de toitures libres. Alimentez votre industrie en \u00e9lectricit\u00e9 solaire directement [&hellip;]<\/p>\n","protected":false},"author":1,"featured_media":0,"parent":0,"menu_order":0,"comment_status":"closed","ping_status":"closed","template":"","meta":{"_et_pb_use_builder":"on","_et_pb_old_content":"","_et_gb_content_width":"","footnotes":""},"class_list":["post-621","page","type-page","status-publish","hentry"],"_links":{"self":[{"href":"https:\/\/energie-pool.ch\/fr\/wp-json\/wp\/v2\/pages\/621","targetHints":{"allow":["GET"]}}],"collection":[{"href":"https:\/\/energie-pool.ch\/fr\/wp-json\/wp\/v2\/pages"}],"about":[{"href":"https:\/\/energie-pool.ch\/fr\/wp-json\/wp\/v2\/types\/page"}],"author":[{"embeddable":true,"href":"https:\/\/energie-pool.ch\/fr\/wp-json\/wp\/v2\/users\/1"}],"replies":[{"embeddable":true,"href":"https:\/\/energie-pool.ch\/fr\/wp-json\/wp\/v2\/comments?post=621"}],"version-history":[{"count":2,"href":"https:\/\/energie-pool.ch\/fr\/wp-json\/wp\/v2\/pages\/621\/revisions"}],"predecessor-version":[{"id":623,"href":"https:\/\/energie-pool.ch\/fr\/wp-json\/wp\/v2\/pages\/621\/revisions\/623"}],"wp:attachment":[{"href":"https:\/\/energie-pool.ch\/fr\/wp-json\/wp\/v2\/media?parent=621"}],"curies":[{"name":"wp","href":"https:\/\/api.w.org\/{rel}","templated":true}]}}