{"id":639,"date":"2025-04-08T14:44:34","date_gmt":"2025-04-08T12:44:34","guid":{"rendered":"https:\/\/energie-pool.ch\/a-propos-de-nous\/"},"modified":"2026-03-05T14:53:06","modified_gmt":"2026-03-05T13:53:06","slug":"qui-sommes-nous","status":"publish","type":"page","link":"https:\/\/energie-pool.ch\/fr\/qui-sommes-nous\/","title":{"rendered":"Qui sommes nous"},"content":{"rendered":"<p>[et_pb_section fb_built=\u00a0\u00bb1&Prime; module_class=\u00a0\u00bbkapitelbildhoehe\u00a0\u00bb _builder_version=\u00a0\u00bb4.27.4&Prime; _module_preset=\u00a0\u00bbdefault\u00a0\u00bb background_image=\u00a0\u00bbhttps:\/\/energie-pool.ch\/wp-content\/uploads\/2025\/04\/headerpic01-energiepool.jpg\u00a0\u00bb global_colors_info=\u00a0\u00bb{}\u00a0\u00bb][et_pb_row _builder_version=\u00a0\u00bb4.27.4&Prime; _module_preset=\u00a0\u00bbdefault\u00a0\u00bb global_colors_info=\u00a0\u00bb{}\u00a0\u00bb][et_pb_column type=\u00a0\u00bb4_4&Prime; _builder_version=\u00a0\u00bb4.27.4&Prime; _module_preset=\u00a0\u00bbdefault\u00a0\u00bb global_colors_info=\u00a0\u00bb{}\u00a0\u00bb][et_pb_text module_class=\u00a0\u00bbkapitelbildtitel\u00a0\u00bb _builder_version=\u00a0\u00bb4.27.4&Prime; _module_preset=\u00a0\u00bbdefault\u00a0\u00bb global_colors_info=\u00a0\u00bb{}\u00a0\u00bb]<\/p>\n<h2>Votre plus grand b\u00e9n\u00e9fice<\/h2>\n<p>[\/et_pb_text][\/et_pb_column][\/et_pb_row][\/et_pb_section][et_pb_section fb_built=\u00a0\u00bb1&Prime; _builder_version=\u00a0\u00bb4.27.4&Prime; _module_preset=\u00a0\u00bbdefault\u00a0\u00bb background_color=\u00a0\u00bb#f4f4f4&Prime; global_colors_info=\u00a0\u00bb{}\u00a0\u00bb][et_pb_row _builder_version=\u00a0\u00bb4.27.4&Prime; _module_preset=\u00a0\u00bbdefault\u00a0\u00bb max_width=\u00a0\u00bb700px\u00a0\u00bb global_colors_info=\u00a0\u00bb{}\u00a0\u00bb][et_pb_column type=\u00a0\u00bb4_4&Prime; _builder_version=\u00a0\u00bb4.27.4&Prime; _module_preset=\u00a0\u00bbdefault\u00a0\u00bb global_colors_info=\u00a0\u00bb{}\u00a0\u00bb][et_pb_text module_class=\u00a0\u00bbmarginbottomtitel\u00a0\u00bb _builder_version=\u00a0\u00bb4.27.4&Prime; _module_preset=\u00a0\u00bbdefault\u00a0\u00bb global_colors_info=\u00a0\u00bb{}\u00a0\u00bb]<\/p>\n<h1>Avec nous, vous avez toujours une longueur d&rsquo;avance.<\/h1>\n<p>[\/et_pb_text][et_pb_divider color=\u00a0\u00bb#333333&Prime; divider_position=\u00a0\u00bbcenter\u00a0\u00bb module_class=\u00a0\u00bbmarginbottomlinie\u00a0\u00bb _builder_version=\u00a0\u00bb4.27.4&Prime; _module_preset=\u00a0\u00bbdefault\u00a0\u00bb width=\u00a0\u00bb60px\u00a0\u00bb module_alignment=\u00a0\u00bbcenter\u00a0\u00bb global_colors_info=\u00a0\u00bb{}\u00a0\u00bb][\/et_pb_divider][et_pb_text _builder_version=\u00a0\u00bb4.27.4&Prime; _module_preset=\u00a0\u00bbdefault\u00a0\u00bb text_orientation=\u00a0\u00bbcenter\u00a0\u00bb global_colors_info=\u00a0\u00bb{}\u00a0\u00bb]<\/p>\n<p>Notre \u00e9quipe d&rsquo;ing\u00e9nieurs exp\u00e9riment\u00e9s et de sp\u00e9cialistes du march\u00e9 r\u00e9sout vos probl\u00e8mes en un rien de temps.<br \/>La force d&rsquo;innovation est la pierre angulaire de notre \u00e9quipe performante et votre b\u00e9n\u00e9fice direct lors de projets communs.<\/p>\n<p>[\/et_pb_text][\/et_pb_column][\/et_pb_row][\/et_pb_section][et_pb_section fb_built=\u00a0\u00bb1&Prime; _builder_version=\u00a0\u00bb4.27.4&Prime; _module_preset=\u00a0\u00bbdefault\u00a0\u00bb background_enable_color=\u00a0\u00bboff\u00a0\u00bb global_colors_info=\u00a0\u00bb{}\u00a0\u00bb][et_pb_row _builder_version=\u00a0\u00bb4.27.4&Prime; _module_preset=\u00a0\u00bbdefault\u00a0\u00bb global_colors_info=\u00a0\u00bb{}\u00a0\u00bb][et_pb_column type=\u00a0\u00bb4_4&Prime; _builder_version=\u00a0\u00bb4.27.4&Prime; _module_preset=\u00a0\u00bbdefault\u00a0\u00bb global_colors_info=\u00a0\u00bb{}\u00a0\u00bb][et_pb_text module_class=\u00a0\u00bbmarginbottomtitel\u00a0\u00bb _builder_version=\u00a0\u00bb4.27.4&Prime; _module_preset=\u00a0\u00bbdefault\u00a0\u00bb global_colors_info=\u00a0\u00bb{}\u00a0\u00bb]<\/p>\n<h2>\u00c9quipe<\/h2>\n<p>[\/et_pb_text][et_pb_divider color=\u00a0\u00bb#333333&Prime; divider_position=\u00a0\u00bbcenter\u00a0\u00bb module_class=\u00a0\u00bbmarginbottomlinie\u00a0\u00bb _builder_version=\u00a0\u00bb4.27.4&Prime; _module_preset=\u00a0\u00bbdefault\u00a0\u00bb width=\u00a0\u00bb60px\u00a0\u00bb module_alignment=\u00a0\u00bbcenter\u00a0\u00bb global_colors_info=\u00a0\u00bb{}\u00a0\u00bb][\/et_pb_divider][et_pb_text _builder_version=\u00a0\u00bb4.27.4&Prime; _module_preset=\u00a0\u00bbdefault\u00a0\u00bb text_orientation=\u00a0\u00bbcenter\u00a0\u00bb global_colors_info=\u00a0\u00bb{}\u00a0\u00bb]<\/p>\n<p>Nous aimons ce que nous faisons. Nous sommes ind\u00e9pendants et sans attaches. Avec nous, il n&rsquo;y a pas de conflits d&rsquo;int\u00e9r\u00eats.  <\/p>\n<p>[\/et_pb_text][\/et_pb_column][\/et_pb_row][et_pb_row column_structure=\u00a0\u00bb1_3,1_3,1_3&Prime; module_class=\u00a0\u00bbthree-columns\u00a0\u00bb _builder_version=\u00a0\u00bb4.27.4&Prime; _module_preset=\u00a0\u00bbdefault\u00a0\u00bb width=\u00a0\u00bb100%\u00a0\u00bb width_tablet=\u00a0\u00bb90%\u00a0\u00bb width_last_edited=\u00a0\u00bboff|tablet\u00a0\u00bb custom_margin_tablet=\u00a0\u00bb||||false|true\u00a0\u00bb custom_margin_last_edited=\u00a0\u00bboff|desktop\u00a0\u00bb global_colors_info=\u00a0\u00bb{}\u00a0\u00bb][et_pb_column type=\u00a0\u00bb1_3&Prime; _builder_version=\u00a0\u00bb4.27.4&Prime; _module_preset=\u00a0\u00bbdefault\u00a0\u00bb global_colors_info=\u00a0\u00bb{}\u00a0\u00bb][et_pb_team_member name=\u00a0\u00bbSaverino Scelzo\u00a0\u00bb image_url=\u00a0\u00bbhttps:\/\/energie-pool.ch\/wp-content\/uploads\/2025\/07\/saverino-scelzo-team-energie-pool-schweiz.jpg\u00a0\u00bb _builder_version=\u00a0\u00bb4.27.4&Prime; _module_preset=\u00a0\u00bbdefault\u00a0\u00bb body_text_align=\u00a0\u00bbcenter\u00a0\u00bb position_text_align=\u00a0\u00bbcenter\u00a0\u00bb position_text_color=\u00a0\u00bb#333333&Prime; custom_css_member_image=\u00a0\u00bbmargin:auto;||padding-bottom:20px;\u00a0\u00bb global_colors_info=\u00a0\u00bb{}\u00a0\u00bb]<\/p>\n<p>Directeur g\u00e9n\u00e9ral<\/p>\n<p>[\/et_pb_team_member][\/et_pb_column][et_pb_column type=\u00a0\u00bb1_3&Prime; _builder_version=\u00a0\u00bb4.27.4&Prime; _module_preset=\u00a0\u00bbdefault\u00a0\u00bb global_colors_info=\u00a0\u00bb{}\u00a0\u00bb][et_pb_team_member name=\u00a0\u00bbGuido Gabriel\u00a0\u00bb image_url=\u00a0\u00bbhttps:\/\/energie-pool.ch\/wp-content\/uploads\/2025\/12\/guido-gabriel-team-energie-pool-schweiz.jpg\u00a0\u00bb _builder_version=\u00a0\u00bb4.27.4&Prime; _module_preset=\u00a0\u00bbdefault\u00a0\u00bb body_text_align=\u00a0\u00bbcenter\u00a0\u00bb position_text_align=\u00a0\u00bbcenter\u00a0\u00bb position_text_color=\u00a0\u00bb#333333&Prime; custom_css_member_image=\u00a0\u00bbmargin:auto;||padding-bottom:20px;\u00a0\u00bb global_colors_info=\u00a0\u00bb{}\u00a0\u00bb]<\/p>\n<p>Responsable des ventes<\/p>\n<p>[\/et_pb_team_member][\/et_pb_column][et_pb_column type=\u00a0\u00bb1_3&Prime; _builder_version=\u00a0\u00bb4.27.4&Prime; _module_preset=\u00a0\u00bbdefault\u00a0\u00bb global_colors_info=\u00a0\u00bb{}\u00a0\u00bb][et_pb_team_member name=\u00a0\u00bbNilay Celik-Karasahin\u00a0\u00bb image_url=\u00a0\u00bbhttps:\/\/energie-pool.ch\/wp-content\/uploads\/2025\/07\/nilay-celik-karasahinteam-energie-pool-schweiz.jpg\u00a0\u00bb _builder_version=\u00a0\u00bb4.27.4&Prime; _module_preset=\u00a0\u00bbdefault\u00a0\u00bb body_text_align=\u00a0\u00bbcenter\u00a0\u00bb position_text_align=\u00a0\u00bbcenter\u00a0\u00bb position_text_color=\u00a0\u00bb#333333&Prime; custom_css_member_image=\u00a0\u00bbmargin:auto;||padding-bottom:20px;\u00a0\u00bb global_colors_info=\u00a0\u00bb{}\u00a0\u00bb]<\/p>\n<p>Responsable de l&rsquo;administration<br \/>Assistante du PDG<\/p>\n<p>[\/et_pb_team_member][\/et_pb_column][\/et_pb_row][et_pb_row column_structure=\u00a0\u00bb1_3,1_3,1_3&Prime; module_class=\u00a0\u00bbthree-columns\u00a0\u00bb _builder_version=\u00a0\u00bb4.27.4&Prime; _module_preset=\u00a0\u00bbdefault\u00a0\u00bb width=\u00a0\u00bb100%\u00a0\u00bb global_colors_info=\u00a0\u00bb{}\u00a0\u00bb][et_pb_column type=\u00a0\u00bb1_3&Prime; _builder_version=\u00a0\u00bb4.27.4&Prime; _module_preset=\u00a0\u00bbdefault\u00a0\u00bb global_colors_info=\u00a0\u00bb{}\u00a0\u00bb][et_pb_team_member name=\u00a0\u00bbStefano Pfeffer\u00a0\u00bb image_url=\u00a0\u00bbhttps:\/\/energie-pool.ch\/wp-content\/uploads\/2025\/07\/stefano-pfeffer-team-energie-pool-schweiz.jpg\u00a0\u00bb _builder_version=\u00a0\u00bb4.27.4&Prime; _module_preset=\u00a0\u00bbdefault\u00a0\u00bb body_text_align=\u00a0\u00bbcenter\u00a0\u00bb position_text_align=\u00a0\u00bbcenter\u00a0\u00bb position_text_color=\u00a0\u00bb#333333&Prime; custom_css_member_image=\u00a0\u00bbmargin:auto;||padding-bottom:20px;\u00a0\u00bb global_colors_info=\u00a0\u00bb{}\u00a0\u00bb]<\/p>\n<p>Directeur des op\u00e9rations<\/p>\n<p>[\/et_pb_team_member][\/et_pb_column][et_pb_column type=\u00a0\u00bb1_3&Prime; _builder_version=\u00a0\u00bb4.27.4&Prime; _module_preset=\u00a0\u00bbdefault\u00a0\u00bb global_colors_info=\u00a0\u00bb{}\u00a0\u00bb][et_pb_team_member name=\u00a0\u00bbUwe Bezold\u00a0\u00bb image_url=\u00a0\u00bbhttps:\/\/energie-pool.ch\/wp-content\/uploads\/2025\/07\/uwe-bezold-team-energie-pool-schweiz.jpg\u00a0\u00bb _builder_version=\u00a0\u00bb4.27.4&Prime; _module_preset=\u00a0\u00bbdefault\u00a0\u00bb body_text_align=\u00a0\u00bbcenter\u00a0\u00bb position_text_align=\u00a0\u00bbcenter\u00a0\u00bb position_text_color=\u00a0\u00bb#333333&Prime; custom_css_member_image=\u00a0\u00bbmargin:auto;||padding-bottom:20px;\u00a0\u00bb global_colors_info=\u00a0\u00bb{}\u00a0\u00bb]<\/p>\n<p>Sp\u00e9cialiste de l&rsquo;exploitation<\/p>\n<p>[\/et_pb_team_member][\/et_pb_column][et_pb_column type=\u00a0\u00bb1_3&Prime; _builder_version=\u00a0\u00bb4.27.4&Prime; _module_preset=\u00a0\u00bbdefault\u00a0\u00bb global_colors_info=\u00a0\u00bb{}\u00a0\u00bb][et_pb_team_member name=\u00a0\u00bbSven Egloff\u00a0\u00bb image_url=\u00a0\u00bbhttps:\/\/energie-pool.ch\/wp-content\/uploads\/2025\/07\/sven-egloff-team-energie-pool-schweiz.jpg\u00a0\u00bb _builder_version=\u00a0\u00bb4.27.4&Prime; _module_preset=\u00a0\u00bbdefault\u00a0\u00bb body_text_align=\u00a0\u00bbcenter\u00a0\u00bb position_text_align=\u00a0\u00bbcenter\u00a0\u00bb position_text_color=\u00a0\u00bb#333333&Prime; custom_css_member_image=\u00a0\u00bbmargin:auto;||padding-bottom:20px;\u00a0\u00bb global_colors_info=\u00a0\u00bb{}\u00a0\u00bb]<\/p>\n<p>Chef d&rsquo;\u00e9quipe projets \/ r\u00e9alisation<\/p>\n<p>[\/et_pb_team_member][\/et_pb_column][\/et_pb_row][et_pb_row column_structure=\u00a0\u00bb1_3,1_3,1_3&Prime; module_class=\u00a0\u00bbthree-columns\u00a0\u00bb _builder_version=\u00a0\u00bb4.27.4&Prime; _module_preset=\u00a0\u00bbdefault\u00a0\u00bb width=\u00a0\u00bb100%\u00a0\u00bb global_colors_info=\u00a0\u00bb{}\u00a0\u00bb][et_pb_column type=\u00a0\u00bb1_3&Prime; _builder_version=\u00a0\u00bb4.27.4&Prime; _module_preset=\u00a0\u00bbdefault\u00a0\u00bb global_colors_info=\u00a0\u00bb{}\u00a0\u00bb][et_pb_team_member name=\u00a0\u00bbNina Nadesapillai\u00a0\u00bb image_url=\u00a0\u00bbhttps:\/\/energie-pool.ch\/wp-content\/uploads\/2025\/04\/nina-nadesapillai-team-energie-pool-schweiz.jpg\u00a0\u00bb _builder_version=\u00a0\u00bb4.27.6&Prime; _module_preset=\u00a0\u00bbdefault\u00a0\u00bb body_text_align=\u00a0\u00bbcenter\u00a0\u00bb position_text_align=\u00a0\u00bbcenter\u00a0\u00bb position_text_color=\u00a0\u00bb#333333&Prime; hover_enabled=\u00a0\u00bb0&Prime; custom_css_member_image=\u00a0\u00bbmargin:auto;||padding-bottom:20px;\u00a0\u00bb global_colors_info=\u00a0\u00bb{}\u00a0\u00bb sticky_enabled=\u00a0\u00bb0&Prime; title_text=\u00a0\u00bbFoto-Nina-2&Prime;]<\/p>\n<p>Responsable des d\u00e9comptes<\/p>\n<p>[\/et_pb_team_member][\/et_pb_column][et_pb_column type=\u00a0\u00bb1_3&Prime; _builder_version=\u00a0\u00bb4.27.4&Prime; _module_preset=\u00a0\u00bbdefault\u00a0\u00bb global_colors_info=\u00a0\u00bb{}\u00a0\u00bb][et_pb_team_member name=\u00a0\u00bbKeerthika Iyathurai\u00a0\u00bb image_url=\u00a0\u00bbhttps:\/\/energie-pool.ch\/wp-content\/uploads\/2025\/07\/keerthika-iyathurai-team-energie-pool-schweiz.jpg\u00a0\u00bb _builder_version=\u00a0\u00bb4.27.4&Prime; _module_preset=\u00a0\u00bbdefault\u00a0\u00bb body_text_align=\u00a0\u00bbcenter\u00a0\u00bb position_text_align=\u00a0\u00bbcenter\u00a0\u00bb position_text_color=\u00a0\u00bb#333333&Prime; custom_css_member_image=\u00a0\u00bbmargin:auto;||padding-bottom:20px;\u00a0\u00bb global_colors_info=\u00a0\u00bb{}\u00a0\u00bb]<\/p>\n<p>Chef de projet junior PV \/ ZEV<\/p>\n<p>[\/et_pb_team_member][\/et_pb_column][et_pb_column type=\u00a0\u00bb1_3&Prime; _builder_version=\u00a0\u00bb4.27.4&Prime; _module_preset=\u00a0\u00bbdefault\u00a0\u00bb global_colors_info=\u00a0\u00bb{}\u00a0\u00bb][et_pb_team_member name=\u00a0\u00bbAnton Zgraggen\u00a0\u00bb image_url=\u00a0\u00bbhttps:\/\/energie-pool.ch\/wp-content\/uploads\/2025\/07\/anton-zgraggen-team-energie-pool-schweiz.jpg\u00a0\u00bb module_class=\u00a0\u00bbthree-columns\u00a0\u00bb _builder_version=\u00a0\u00bb4.27.4&Prime; _module_preset=\u00a0\u00bbdefault\u00a0\u00bb body_text_align=\u00a0\u00bbcenter\u00a0\u00bb position_text_align=\u00a0\u00bbcenter\u00a0\u00bb position_text_color=\u00a0\u00bb#333333&Prime; custom_css_member_image=\u00a0\u00bbmargin:auto;||padding-bottom:20px;\u00a0\u00bb global_colors_info=\u00a0\u00bb{}\u00a0\u00bb]<\/p>\n<p>Sp\u00e9cialiste de l&rsquo;exploitation<\/p>\n<p>[\/et_pb_team_member][\/et_pb_column][\/et_pb_row][et_pb_row column_structure=\u00a0\u00bb1_3,1_3,1_3&Prime; module_class=\u00a0\u00bbthree-columns\u00a0\u00bb _builder_version=\u00a0\u00bb4.27.6&Prime; _module_preset=\u00a0\u00bbdefault\u00a0\u00bb width=\u00a0\u00bb100%\u00a0\u00bb hover_enabled=\u00a0\u00bb0&Prime; global_colors_info=\u00a0\u00bb{}\u00a0\u00bb sticky_enabled=\u00a0\u00bb0&Prime;][et_pb_column type=\u00a0\u00bb1_3&Prime; _builder_version=\u00a0\u00bb4.27.4&Prime; _module_preset=\u00a0\u00bbdefault\u00a0\u00bb global_colors_info=\u00a0\u00bb{}\u00a0\u00bb][et_pb_team_member _builder_version=\u00a0\u00bb4.27.6&Prime; _module_preset=\u00a0\u00bbdefault\u00a0\u00bb body_text_align=\u00a0\u00bbcenter\u00a0\u00bb position_text_align=\u00a0\u00bbcenter\u00a0\u00bb position_text_color=\u00a0\u00bb#333333&Prime; hover_enabled=\u00a0\u00bb0&Prime; custom_css_member_image=\u00a0\u00bbmargin:auto;||padding-bottom:20px;\u00a0\u00bb global_colors_info=\u00a0\u00bb{}\u00a0\u00bb custom_padding=\u00a0\u00bb||0px|||\u00a0\u00bb sticky_enabled=\u00a0\u00bb0&Prime;][\/et_pb_team_member][\/et_pb_column][et_pb_column type=\u00a0\u00bb1_3&Prime; _builder_version=\u00a0\u00bb4.27.4&Prime; _module_preset=\u00a0\u00bbdefault\u00a0\u00bb global_colors_info=\u00a0\u00bb{}\u00a0\u00bb][\/et_pb_column][et_pb_column type=\u00a0\u00bb1_3&Prime; _builder_version=\u00a0\u00bb4.27.4&Prime; _module_preset=\u00a0\u00bbdefault\u00a0\u00bb global_colors_info=\u00a0\u00bb{}\u00a0\u00bb][\/et_pb_column][\/et_pb_row][\/et_pb_section]<\/p>\n","protected":false},"excerpt":{"rendered":"<p>Votre plus grand b\u00e9n\u00e9ficeAvec nous, vous avez toujours une longueur d&rsquo;avance.Notre \u00e9quipe d&rsquo;ing\u00e9nieurs exp\u00e9riment\u00e9s et de sp\u00e9cialistes du march\u00e9 r\u00e9sout vos probl\u00e8mes en un rien de temps.La force d&rsquo;innovation est la pierre angulaire de notre \u00e9quipe performante et votre b\u00e9n\u00e9fice direct lors de projets communs.\u00c9quipeNous aimons ce que nous faisons. Nous sommes ind\u00e9pendants et sans [&hellip;]<\/p>\n","protected":false},"author":1,"featured_media":0,"parent":0,"menu_order":0,"comment_status":"closed","ping_status":"closed","template":"","meta":{"_et_pb_use_builder":"on","_et_pb_old_content":"","_et_gb_content_width":"","footnotes":""},"class_list":["post-639","page","type-page","status-publish","hentry"],"_links":{"self":[{"href":"https:\/\/energie-pool.ch\/fr\/wp-json\/wp\/v2\/pages\/639","targetHints":{"allow":["GET"]}}],"collection":[{"href":"https:\/\/energie-pool.ch\/fr\/wp-json\/wp\/v2\/pages"}],"about":[{"href":"https:\/\/energie-pool.ch\/fr\/wp-json\/wp\/v2\/types\/page"}],"author":[{"embeddable":true,"href":"https:\/\/energie-pool.ch\/fr\/wp-json\/wp\/v2\/users\/1"}],"replies":[{"embeddable":true,"href":"https:\/\/energie-pool.ch\/fr\/wp-json\/wp\/v2\/comments?post=639"}],"version-history":[{"count":22,"href":"https:\/\/energie-pool.ch\/fr\/wp-json\/wp\/v2\/pages\/639\/revisions"}],"predecessor-version":[{"id":8121,"href":"https:\/\/energie-pool.ch\/fr\/wp-json\/wp\/v2\/pages\/639\/revisions\/8121"}],"wp:attachment":[{"href":"https:\/\/energie-pool.ch\/fr\/wp-json\/wp\/v2\/media?parent=639"}],"curies":[{"name":"wp","href":"https:\/\/api.w.org\/{rel}","templated":true}]}}